{"id":657,"date":"2019-01-14T22:12:27","date_gmt":"2019-01-14T22:12:27","guid":{"rendered":"https:\/\/www.alisonwalton.de\/?page_id=657"},"modified":"2020-11-20T09:37:24","modified_gmt":"2020-11-20T09:37:24","slug":"startseite","status":"publish","type":"page","link":"https:\/\/www.alisonwalton.de\/en\/","title":{"rendered":"Startseite"},"content":{"rendered":"<p>[vc_row full_width=&#8221;stretch_row_content_no_spaces&#8221; content_placement=&#8221;middle&#8221; css=&#8221;.vc_custom_1547483295569{margin-top: -200px !important;background-color: #1c98b2 !important;}&#8221;][vc_column][vc_single_image image=&#8221;632&#8243; img_size=&#8221;full&#8221; alignment=&#8221;center&#8221;][\/vc_column][\/vc_row][vc_row][vc_column width=&#8221;1\/3&#8243;][vc_single_image image=&#8221;644&#8243; img_size=&#8221;full&#8221;][vc_column_text]<\/p>\n<h3 class=\"western\" align=\"CENTER\"><a href=\"https:\/\/www.alisonwalton.de\/ueber-uns\/\"><span style=\"color: #052e70;\"><span style=\"font-family: Roboto, sans-serif;\"><span style=\"font-size: xx-large;\">\u00dcber uns<\/span><\/span><\/span><\/a><\/h3>\n<p>[\/vc_column_text][\/vc_column][vc_column width=&#8221;1\/3&#8243;][vc_single_image image=&#8221;641&#8243; img_size=&#8221;full&#8221;][vc_column_text]<\/p>\n<h3 class=\"western\" align=\"CENTER\"><a href=\"https:\/\/www.alisonwalton.de\/portfolio\/\"><span style=\"color: #052e70;\"><span style=\"font-family: Roboto, sans-serif;\"><span style=\"font-size: xx-large;\">Portfolio<\/span><\/span><\/span><\/a><\/h3>\n<p>[\/vc_column_text][\/vc_column][vc_column width=&#8221;1\/3&#8243;][vc_single_image image=&#8221;475&#8243; img_size=&#8221;full&#8221;][vc_column_text]<\/p>\n<h3 class=\"western\" align=\"CENTER\"><a href=\"https:\/\/www.alisonwalton.de\/kontakt\/\"><span style=\"color: #052e70;\"><span style=\"font-family: Roboto, sans-serif;\"><span style=\"font-size: xx-large;\">Kontakt<\/span><\/span><\/span><\/a><\/h3>\n<p>[\/vc_column_text][\/vc_column][\/vc_row][vc_row][vc_column][vc_separator color=&#8221;custom&#8221; border_width=&#8221;3&#8243; accent_color=&#8221;#1c98b2&#8243;][\/vc_column][\/vc_row][vc_row][vc_column width=&#8221;1\/3&#8243;][vc_single_image image=&#8221;475&#8243; img_size=&#8221;full&#8221;][vc_column_text]<strong>Coming soon<\/strong><\/p>\n<p><strong>New English-Corner-Shop opens soon.<\/strong><br \/>\n<strong>Priener Str. 2, 83125 Eggstaett<\/strong>[\/vc_column_text][\/vc_column][vc_column width=&#8221;1\/3&#8243;][vc_single_image image=&#8221;647&#8243; img_size=&#8221;full&#8221;][vc_column_text]<strong>English-Corner-Shop.de by Alison Walton GmbH<\/strong><\/p>\n<p>English-Corner-Shop.de by Alison Walton GmbH liefert englische Lebensmittel und Getr\u00e4nke. Unser English-Corner-Shop Ladengesch\u00e4ft befindet sich in Eggst\u00e4tt oder besuchen Sie uns online auf <a href=\"http:\/\/www.english-corner-shop.de\" target=\"_blank\" rel=\"noopener\">www.english-corner-shop.de<\/a>[\/vc_column_text][\/vc_column][vc_column width=&#8221;1\/3&#8243;][vc_single_image image=&#8221;649&#8243; img_size=&#8221;full&#8221;][vc_column_text]<strong>Besuchen Sie unsere Online\u00a0 Shops!<\/strong> (Visit our online shops!)<\/p>\n<p><a href=\"https:\/\/www.amazon.de\/s?marketplaceID=A1PA6795UKMFR9&amp;me=AGY77AGC2KS67&amp;merchant=AGY77AGC2KS67&amp;redirect=true\"><img loading=\"lazy\" class=\"alignnone wp-image-652 size-full\" src=\"https:\/\/www.alisonwalton.de\/wp-content\/uploads\/2019\/01\/Amazon.png\" alt=\"\" width=\"250\" height=\"70\" \/><\/a><\/p>\n<p><a href=\"http:\/\/stores.ebay.de\/alisonwaltongmbh\/\" target=\"_blank\" rel=\"noopener\"><img loading=\"lazy\" class=\"alignnone size-full wp-image-654\" src=\"https:\/\/www.alisonwalton.de\/wp-content\/uploads\/2019\/01\/2000px-EBay_logo.png\" alt=\"\" width=\"250\" height=\"100\" \/><\/a>[\/vc_column_text][\/vc_column][\/vc_row][vc_row][vc_column][vc_separator][\/vc_column][\/vc_row]<\/p>\n","protected":false},"excerpt":{"rendered":"<p>[vc_row full_width=&#8221;stretch_row_content_no_spaces&#8221; content_placement=&#8221;middle&#8221; css=&#8221;.vc_custom_1547483295569{margin-top: -200px !important;background-color: #1c98b2 !important;}&#8221;][vc_column][vc_single_image image=&#8221;632&#8243; img_size=&#8221;full&#8221; alignment=&#8221;center&#8221;][\/vc_column][\/vc_row][vc_row][vc_column width=&#8221;1\/3&#8243;][vc_single_image image=&#8221;644&#8243; img_size=&#8221;full&#8221;][vc_column_text] \u00dcber uns [\/vc_column_text][\/vc_column][vc_column width=&#8221;1\/3&#8243;][vc_single_image image=&#8221;641&#8243; img_size=&#8221;full&#8221;][vc_column_text] Portfolio [\/vc_column_text][\/vc_column][vc_column width=&#8221;1\/3&#8243;][vc_single_image image=&#8221;475&#8243; img_size=&#8221;full&#8221;][vc_column_text] Kontakt [\/vc_column_text][\/vc_column][\/vc_row][vc_row][vc_column][vc_separator color=&#8221;custom&#8221; border_width=&#8221;3&#8243; accent_color=&#8221;#1c98b2&#8243;][\/vc_column][\/vc_row][vc_row][vc_column width=&#8221;1\/3&#8243;][vc_single_image image=&#8221;475&#8243; img_size=&#8221;full&#8221;][vc_column_text]Coming soon New English-Corner-Shop opens soon. Priener Str. 2, 83125 Eggstaett[\/vc_column_text][\/vc_column][vc_column width=&#8221;1\/3&#8243;][vc_single_image image=&#8221;647&#8243; img_size=&#8221;full&#8221;][vc_column_text]English-Corner-Shop.de by Alison Walton GmbH English-Corner-Shop.de by Alison Walton GmbH [&hellip;]<\/p>\n","protected":false},"author":4,"featured_media":0,"parent":0,"menu_order":0,"comment_status":"closed","ping_status":"closed","template":"","meta":[],"aioseo_notices":[],"_links":{"self":[{"href":"https:\/\/www.alisonwalton.de\/en\/wp-json\/wp\/v2\/pages\/657"}],"collection":[{"href":"https:\/\/www.alisonwalton.de\/en\/wp-json\/wp\/v2\/pages"}],"about":[{"href":"https:\/\/www.alisonwalton.de\/en\/wp-json\/wp\/v2\/types\/page"}],"author":[{"embeddable":true,"href":"https:\/\/www.alisonwalton.de\/en\/wp-json\/wp\/v2\/users\/4"}],"replies":[{"embeddable":true,"href":"https:\/\/www.alisonwalton.de\/en\/wp-json\/wp\/v2\/comments?post=657"}],"version-history":[{"count":7,"href":"https:\/\/www.alisonwalton.de\/en\/wp-json\/wp\/v2\/pages\/657\/revisions"}],"predecessor-version":[{"id":697,"href":"https:\/\/www.alisonwalton.de\/en\/wp-json\/wp\/v2\/pages\/657\/revisions\/697"}],"wp:attachment":[{"href":"https:\/\/www.alisonwalton.de\/en\/wp-json\/wp\/v2\/media?parent=657"}],"curies":[{"name":"wp","href":"https:\/\/api.w.org\/{rel}","templated":true}]}}